{"id":29,"date":"2020-10-27T09:49:39","date_gmt":"2020-10-27T09:49:39","guid":{"rendered":"https:\/\/grilloparlante.ch.celsius.ch-meta.net\/?page_id=29"},"modified":"2023-03-20T14:56:46","modified_gmt":"2023-03-20T14:56:46","slug":"nuetzliche-nummern-und-adressen","status":"publish","type":"page","link":"https:\/\/www.grilloparlante.ch\/de\/nuetzliche-nummern-und-adressen\/","title":{"rendered":"N\u00fctzliche Nummern und Adressen"},"content":{"rendered":"<div class=\"wpb-content-wrapper\">[vc_row pix_particles_check=&#8220;&#8220;][vc_column][vc_column_text]\r\n<h5><strong>N\u00fctzliche Nummern<\/strong><\/h5>\r\n&nbsp;\r\n<ul>\r\n \t<li class=\"bodytext\">Ambulanz: 144<\/li>\r\n \t<li class=\"bodytext\">\u00c4rztlicher Notfalldienst: 091 800 18 28<\/li>\r\n \t<li class=\"bodytext\">Vergiftungen: 145<\/li>\r\n \t<li class=\"bodytext\">Telefonzentrale Spital La Carit\u00e0 Locarno: 091 811 41 11<\/li>\r\n \t<li class=\"bodytext\">SOS Infanzia Bellinzona: 091 826 11 11<\/li>\r\n \t<li class=\"bodytext\">SOS madri in difficolt\u00e0: 091 966 44 10<\/li>\r\n \t<li class=\"bodytext\">Beratungsstelle Locarnese und\u00a0Maggiatal: 091 756 22 70 (www.alvad.ch)<\/li>\r\n \t<li class=\"bodytext\">Geburtsvorbereitungskurse Spital La Carit\u00e0 Locarno: 091 811 47 40<\/li>\r\n \t<li>Geburtsvorbereitungskurse Klinik\u00a0Santa Chiara Locarno (Manuela Zanini, Hebamme): 091 794 14 30<\/li>\r\n<\/ul>\r\n[\/vc_column_text][vc_column_text]\r\n<h5><strong>N\u00fctzliche Adressen<\/strong><\/h5>\r\n&nbsp;\r\n<ul>\r\n \t<li class=\"bodytext\">Schweizerische Gesellschaft f\u00fcr P\u00e4diatrie (<a href=\"http:\/\/www.swiss-paediatrics.org\/\" target=\"_blank\" rel=\"noopener noreferrer\" data-track-event=\"click\" data-track-action=\"link_clicked\">www.swiss-paediatrics.org<\/a>)<\/li>\r\n \t<li class=\"bodytext\">Associazione Pediatri della Svizzera Italiana (<a href=\"http:\/\/www.pediatriaticino.ch\/\" target=\"_blank\" rel=\"noopener noreferrer\" data-track-event=\"click\" data-track-action=\"link_clicked\">www.pediatriaticino.ch<\/a>)<\/li>\r\n \t<li class=\"bodytext\">Schweizerische Gesellschaft f\u00fcr Ern\u00e4hrung (<a href=\"http:\/\/www.sge-ssn.ch\/\" target=\"_blank\" rel=\"noopener noreferrer\" data-track-event=\"click\" data-track-action=\"link_clicked\">www.sge-ssn.ch<\/a>)<\/li>\r\n \t<li class=\"bodytext\">Allergiezentrum Schweiz (<a href=\"http:\/\/www.aha.ch\/\" target=\"_blank\" rel=\"noopener noreferrer\" data-track-event=\"click\" data-track-action=\"link_clicked\">www.aha.ch<\/a>)<\/li>\r\n \t<li class=\"bodytext\">Informationsdienst f\u00fcr Impffragen (<a href=\"http:\/\/www.infovac.ch\/\" target=\"_blank\" rel=\"noopener noreferrer\" data-track-event=\"click\" data-track-action=\"link_clicked\">www.infovac.ch<\/a>)<\/li>\r\n \t<li class=\"bodytext\">Reisemedizinische Beratung (<a href=\"http:\/\/www.safetravel.ch\/\" target=\"_blank\" rel=\"noopener noreferrer\" data-track-event=\"click\" data-track-action=\"link_clicked\">www.safetravel.ch<\/a>)<\/li>\r\n \t<li class=\"bodytext\">Buchstart (<a href=\"http:\/\/www.natiperleggere.ch\/\" target=\"_blank\" rel=\"noopener noreferrer\" data-track-event=\"click\" data-track-action=\"link_clicked\">www.natiperleggere.ch<\/a><\/li>\r\n \t<li class=\"bodytext\">Swissmom (<a href=\"http:\/\/www.swissmom.ch\/\" data-track-event=\"click\" data-track-action=\"link_clicked\">www.swissmom.ch<\/a>)<\/li>\r\n<\/ul>\r\n[\/vc_column_text][\/vc_column][\/vc_row][vc_row pix_particles_check=&#8220;&#8220;][vc_column][vc_single_image image=&#8220;162&#8243; img_size=&#8220;full&#8220; alignment=&#8220;center&#8220;][\/vc_column][\/vc_row]<\/div>","protected":false},"excerpt":{"rendered":"[vc_row pix_particles_check=&#8220;&#8220;][vc_column][vc_column_text] N\u00fctzliche Nummern &nbsp; Ambulanz: 144 \u00c4rztlicher Notfalldienst: 091 800 18 28 Vergiftungen: 145 Telefonzentrale Spital La Carit\u00e0 Locarno: 091 811 41 11 SOS Infanzia Bellinzona: 091 826 11 11 SOS madri in difficolt\u00e0: 091 966 44 10 Beratungsstelle&#8230;","protected":false},"author":1,"featured_media":0,"parent":0,"menu_order":0,"comment_status":"closed","ping_status":"closed","template":"","meta":{"footnotes":""},"class_list":["post-29","page","type-page","status-publish","hentry"],"aioseo_notices":[],"_links":{"self":[{"href":"https:\/\/www.grilloparlante.ch\/de\/wp-json\/wp\/v2\/pages\/29","targetHints":{"allow":["GET"]}}],"collection":[{"href":"https:\/\/www.grilloparlante.ch\/de\/wp-json\/wp\/v2\/pages"}],"about":[{"href":"https:\/\/www.grilloparlante.ch\/de\/wp-json\/wp\/v2\/types\/page"}],"author":[{"embeddable":true,"href":"https:\/\/www.grilloparlante.ch\/de\/wp-json\/wp\/v2\/users\/1"}],"replies":[{"embeddable":true,"href":"https:\/\/www.grilloparlante.ch\/de\/wp-json\/wp\/v2\/comments?post=29"}],"version-history":[{"count":3,"href":"https:\/\/www.grilloparlante.ch\/de\/wp-json\/wp\/v2\/pages\/29\/revisions"}],"predecessor-version":[{"id":265,"href":"https:\/\/www.grilloparlante.ch\/de\/wp-json\/wp\/v2\/pages\/29\/revisions\/265"}],"wp:attachment":[{"href":"https:\/\/www.grilloparlante.ch\/de\/wp-json\/wp\/v2\/media?parent=29"}],"curies":[{"name":"wp","href":"https:\/\/api.w.org\/{rel}","templated":true}]}}