{"id":31,"date":"2020-10-27T09:57:05","date_gmt":"2020-10-27T09:57:05","guid":{"rendered":"https:\/\/grilloparlante.ch.celsius.ch-meta.net\/?page_id=31"},"modified":"2026-03-15T10:24:12","modified_gmt":"2026-03-15T10:24:12","slug":"kontakt","status":"publish","type":"page","link":"https:\/\/www.grilloparlante.ch\/de\/kontakt\/","title":{"rendered":"Kontakt"},"content":{"rendered":"<div class=\"wpb-content-wrapper\">[vc_row pix_particles_check=&#8220;&#8220;][vc_column][vc_column_text css=&#8220;&#8220;]\r\n<h5>Il Grillo Parlante<\/h5>\r\nVia Baraggie 38\r\n6612\u00a0Ascona\r\n<a href=\"tel:0917917676\">091 791 76 76<\/a>\r\n<p class=\"bodytext\"><a href=\"mailto:grilloparlante@hin.ch\">grilloparlante@hin.ch<\/a><\/p>\r\n<p class=\"bodytext\">Der elektronische Posteingang wird einmal t\u00e4glich \u00fcberpr\u00fcft. Wir bitten Sie daher, nur nicht dringende bzw. administrative Anfragen per E-Mail an uns zu richten, z. B. Gesuche um Ausstellung eines \u00e4rztlichen Zeugnisses, Erneuerung von \u00e4rztlichen Rezepten oder Verschreibung von Physiotherapien, Anfragen betreffend Rechnungsstellung usw.<\/p>\r\n<p class=\"bodytext\">Wir sprechen Deutsch \u2013 Consultiamo in italiano \u2013 Nous parlons fran\u00e7ais \u2013 We speak English \u2013 A parlom in dial\u00e8tt ticines<\/p>\r\n[\/vc_column_text][vc_column_text css=&#8220;&#8220;]\r\n<h5>\u00d6ffnungszeiten<\/h5>\r\nMontag \u2013 Dienstag \u2013 Freitag\r\n08:00 \u2013 12:00 und 13:00 \u2013 18:00\r\nUnser Telefon ist von 08.00 \u2013 11.00 Uhr und von 14.00 \u2013 17.00 Uhr besetzt.\r\n\r\nMittwoch \u2013 Donnerstag\r\n08:00 \u2013 12:00 und 14:00 \u2013 17:00\r\nUnser Telefon ist von 08.00 \u2013 11.00 Uhr und von 14.00 \u2013 17.00 Uhr besetzt.\r\n\r\nSamstag\/Sonntag\r\ngeschlossen[\/vc_column_text][\/vc_column][\/vc_row][vc_row pix_particles_check=&#8220;&#8220;][vc_column][vc_empty_space][\/vc_column][\/vc_row][vc_row pix_particles_check=&#8220;&#8220;][vc_column][vc_gmaps link=&#8220;#E-8_JTNDaWZyYW1lJTIwc3JjJTNEJTIyaHR0cHMlM0ElMkYlMkZ3d3cuZ29vZ2xlLmNvbSUyRm1hcHMlMkZlbWJlZCUzRnBiJTNEJTIxMW0xNCUyMTFtOCUyMTFtMyUyMTFkNzgxNi44ODc5ODY5ODg5MjklMjEyZDguNzczNTEzNzEzMTU0NTkzJTIxM2Q0Ni4xNTY5NzM1Mjk1NTI1OCUyMTNtMiUyMTFpMTAyNCUyMTJpNzY4JTIxNGYxMy4xJTIxM20zJTIxMW0yJTIxMXMweDQ3ODVjODQwZjkzYWUxMWQlMjUzQTB4Mzc2YmJkZTAxNzM3YmI3MSUyMTJzVmlhJTI1MjBCYXJhZ2dpZSUyNTIwMzglMjUyQyUyNTIwNjYxMiUyNTIwQXNjb25hJTIxNWUwJTIxM20yJTIxMXNkZSUyMTJzY2glMjE0djE2MDYwNDIwODU1ODklMjE1bTIlMjExc2RlJTIxMnNjaCUyMiUyMHdpZHRoJTNEJTIyNjAwJTIyJTIwaGVpZ2h0JTNEJTIyNDUwJTIyJTIwZnJhbWVib3JkZXIlM0QlMjIwJTIyJTIwc3R5bGUlM0QlMjJib3JkZXIlM0EwJTNCJTIyJTIwYWxsb3dmdWxsc2NyZWVuJTNEJTIyJTIyJTIwYXJpYS1oaWRkZW4lM0QlMjJmYWxzZSUyMiUyMHRhYmluZGV4JTNEJTIyMCUyMiUzRSUzQyUyRmlmcmFtZSUzRQ==&#8220;][\/vc_column][\/vc_row]<\/div>","protected":false},"excerpt":{"rendered":"[vc_row pix_particles_check=&#8220;&#8220;][vc_column][vc_column_text css=&#8220;&#8220;] Il Grillo Parlante Via Baraggie 38 6612\u00a0Ascona 091 791 76 76 grilloparlante@hin.ch Der elektronische Posteingang wird einmal t\u00e4glich \u00fcberpr\u00fcft. Wir bitten Sie daher, nur nicht dringende bzw. administrative Anfragen per E-Mail an uns zu richten, z. B&#8230;.","protected":false},"author":1,"featured_media":0,"parent":0,"menu_order":0,"comment_status":"closed","ping_status":"closed","template":"","meta":{"footnotes":""},"class_list":["post-31","page","type-page","status-publish","hentry"],"aioseo_notices":[],"_links":{"self":[{"href":"https:\/\/www.grilloparlante.ch\/de\/wp-json\/wp\/v2\/pages\/31","targetHints":{"allow":["GET"]}}],"collection":[{"href":"https:\/\/www.grilloparlante.ch\/de\/wp-json\/wp\/v2\/pages"}],"about":[{"href":"https:\/\/www.grilloparlante.ch\/de\/wp-json\/wp\/v2\/types\/page"}],"author":[{"embeddable":true,"href":"https:\/\/www.grilloparlante.ch\/de\/wp-json\/wp\/v2\/users\/1"}],"replies":[{"embeddable":true,"href":"https:\/\/www.grilloparlante.ch\/de\/wp-json\/wp\/v2\/comments?post=31"}],"version-history":[{"count":3,"href":"https:\/\/www.grilloparlante.ch\/de\/wp-json\/wp\/v2\/pages\/31\/revisions"}],"predecessor-version":[{"id":3235,"href":"https:\/\/www.grilloparlante.ch\/de\/wp-json\/wp\/v2\/pages\/31\/revisions\/3235"}],"wp:attachment":[{"href":"https:\/\/www.grilloparlante.ch\/de\/wp-json\/wp\/v2\/media?parent=31"}],"curies":[{"name":"wp","href":"https:\/\/api.w.org\/{rel}","templated":true}]}}